{"id":8,"date":"2021-08-24T13:27:09","date_gmt":"2021-08-24T13:27:09","guid":{"rendered":"http:\/\/oceanologia.fcien.edu.uy\/?page_id=8"},"modified":"2021-10-05T21:01:53","modified_gmt":"2021-10-05T21:01:53","slug":"acerca-de","status":"publish","type":"page","link":"http:\/\/oceanologia.fcien.edu.uy\/","title":{"rendered":"Acerca de OEM"},"content":{"rendered":"\t\t<div data-elementor-type=\"wp-page\" data-elementor-id=\"8\" class=\"elementor elementor-8\" data-elementor-settings=\"[]\">\n\t\t\t\t\t\t\t<div class=\"elementor-section-wrap\">\n\t\t\t\t\t\t\t<section class=\"elementor-section elementor-top-section elementor-element elementor-element-2a545985 elementor-section-boxed elementor-section-height-default elementor-section-height-default\" data-id=\"2a545985\" data-element_type=\"section\">\n\t\t\t\t\t\t<div class=\"elementor-container elementor-column-gap-default\">\n\t\t\t\t\t<div class=\"elementor-column elementor-col-100 elementor-top-column elementor-element elementor-element-265ceb56\" data-id=\"265ceb56\" data-element_type=\"column\">\n\t\t\t<div class=\"elementor-widget-wrap elementor-element-populated\">\n\t\t\t\t\t\t\t\t<div class=\"elementor-element elementor-element-a1da617 elementor-widget elementor-widget-text-editor\" data-id=\"a1da617\" data-element_type=\"widget\" data-widget_type=\"text-editor.default\">\n\t\t\t\t<div class=\"elementor-widget-container\">\n\t\t\t\t\t\t\t<p style=\"text-align: justify;\">La Universidad de la Rep\u00fablica desde hace mas de 30 a\u00f1os promueve la formaci\u00f3n de especialistas en Ciencias del Mar. En la actualidad, la Secci\u00f3n de Oceanograf\u00eda y Ecolog\u00eda Marina (OEM) de la Facultad de Ciencias desarrolla en el marco de la docencia, investigaci\u00f3n y extensi\u00f3n diferentes actividades que se encaminan hacia el conocimiento de los fen\u00f3menos oceanogr\u00e1ficos y climatol\u00f3gicos y eval\u00faa los recursos vivos y no vivos marinos y costeros con el objetivo de ofrecer las bases cient\u00edficas para la sustentabilidad y gesti\u00f3n del \u00e1rea marina uruguaya.<\/p>\n<p style=\"text-align: justify;\">Un <b>cuerpo docente<\/b> formado por 13 profesionales, la mayor\u00eda con formaci\u00f3n de posgrado, es el responsable de ofrecer formaci\u00f3n de grado (Lic. en Cs. Biol\u00f3gicas-Fac. de Cidencias) y posgrado (PEDECIBA y MACA) principalmente, colaborando adem\u00e1s de manera activa con otras ofertas de grado y posgrado, tanto nacionales como del extranjero.<\/p>\n<p style=\"text-align: justify;\">La mayor\u00eda de los docentes tienen formaci\u00f3n doctoral en el exterior, y capacidad de desarrollar investigaci\u00f3n b\u00e1sica y aplicada en forma independiente.<\/p>\n<p style=\"text-align: justify;\">El grupo mantiene una intensa <b>actividad de investigaci\u00f3n y asesoramiento<\/b> ambiental oceanogr\u00e1fico con numerosas instituciones nacionales y extranjeras. A nivel nacional existe una gran cantidad de convenios con organismos del estado y privados, e internacionalmente se promueven acciones de cooperaci\u00f3n (docencia e investigaci\u00f3n) entre Universidades de Brasil, Chile, Argentina, Alemania, Espa\u00f1a, Reino Unido, Dinamarca, China y Suecia, entre otras.<\/p>\n<p style=\"text-align: justify;\"><b>OEM en la d\u00e9cada de los Oc\u00e9anos <\/b>se plantea los desafios de:<\/p>\n<p style=\"text-align: justify;\">a) Intensificar la formaci\u00f3n a nivel de grado y posgrado en las distintas \u00e1reas de la oceanograf\u00eda.<\/p><p style=\"text-align: justify;\"><span style=\"font-family: var( --e-global-typography-text-font-family ), Sans-serif; font-weight: var( --e-global-typography-text-font-weight ); text-align: left;\">b) Desarrollar grandes ejes de investigaci\u00f3n transversales que integren distintas \u00e1reas del conocimiento (procesos f\u00edsicos y biol\u00f3gicos en el RdelaP y el Oc. Atl\u00e1ntico, Sistemas ambientales y Cambio Global).<\/span><\/p><p style=\"text-align: justify;\"><span style=\"font-family: var( --e-global-typography-text-font-family ), Sans-serif; font-weight: var( --e-global-typography-text-font-weight ); text-align: left;\">c) Alfabetizaci\u00f3n oce\u00e1nica, promoviendo actividades de extensi\u00f3n para acercar el conocimiento de nuestros mares y oc\u00e9anos a la sociedad.<\/span><\/p>\t\t\t\t\t\t<\/div>\n\t\t\t\t<\/div>\n\t\t\t\t\t<\/div>\n\t\t<\/div>\n\t\t\t\t\t\t\t<\/div>\n\t\t<\/section>\n\t\t\t\t<section class=\"elementor-section elementor-top-section elementor-element elementor-element-227d747 elementor-section-boxed elementor-section-height-default elementor-section-height-default\" data-id=\"227d747\" data-element_type=\"section\">\n\t\t\t\t\t\t<div class=\"elementor-container elementor-column-gap-default\">\n\t\t\t\t\t<div class=\"elementor-column elementor-col-100 elementor-top-column elementor-element elementor-element-781303b\" data-id=\"781303b\" data-element_type=\"column\">\n\t\t\t<div class=\"elementor-widget-wrap elementor-element-populated\">\n\t\t\t\t\t\t\t\t<div class=\"elementor-element elementor-element-92072d9 elementor-widget elementor-widget-spacer\" data-id=\"92072d9\" data-element_type=\"widget\" data-widget_type=\"spacer.default\">\n\t\t\t\t<div class=\"elementor-widget-container\">\n\t\t\t\t\t<div class=\"elementor-spacer\">\n\t\t\t<div class=\"elementor-spacer-inner\"><\/div>\n\t\t<\/div>\n\t\t\t\t<\/div>\n\t\t\t\t<\/div>\n\t\t\t\t\t<\/div>\n\t\t<\/div>\n\t\t\t\t\t\t\t<\/div>\n\t\t<\/section>\n\t\t\t\t\t\t<\/div>\n\t\t\t\t\t<\/div>\n\t\t","protected":false},"excerpt":{"rendered":"<p>La Universidad de la Rep\u00fablica desde hace mas de 30 a\u00f1os promueve la formaci\u00f3n de especialistas en Ciencias del Mar. En la actualidad, la Secci\u00f3n de Oceanograf\u00eda y Ecolog\u00eda Marina (OEM) de la Facultad de Ciencias desarrolla en el marco de la docencia, investigaci\u00f3n y extensi\u00f3n diferentes actividades que se encaminan hacia el conocimiento de &hellip; <\/p>\n<p class=\"link-more\"><a href=\"http:\/\/oceanologia.fcien.edu.uy\/\" class=\"more-link\">Leer m\u00e1s<span class=\"screen-reader-text\"> \u00abAcerca de OEM\u00bb<\/span><\/a><\/p>\n","protected":false},"author":1,"featured_media":0,"parent":0,"menu_order":0,"comment_status":"closed","ping_status":"closed","template":"","meta":{"footnotes":""},"class_list":["post-8","page","type-page","status-publish","hentry"],"_links":{"self":[{"href":"http:\/\/oceanologia.fcien.edu.uy\/index.php\/wp-json\/wp\/v2\/pages\/8","targetHints":{"allow":["GET"]}}],"collection":[{"href":"http:\/\/oceanologia.fcien.edu.uy\/index.php\/wp-json\/wp\/v2\/pages"}],"about":[{"href":"http:\/\/oceanologia.fcien.edu.uy\/index.php\/wp-json\/wp\/v2\/types\/page"}],"author":[{"embeddable":true,"href":"http:\/\/oceanologia.fcien.edu.uy\/index.php\/wp-json\/wp\/v2\/users\/1"}],"replies":[{"embeddable":true,"href":"http:\/\/oceanologia.fcien.edu.uy\/index.php\/wp-json\/wp\/v2\/comments?post=8"}],"version-history":[{"count":77,"href":"http:\/\/oceanologia.fcien.edu.uy\/index.php\/wp-json\/wp\/v2\/pages\/8\/revisions"}],"predecessor-version":[{"id":863,"href":"http:\/\/oceanologia.fcien.edu.uy\/index.php\/wp-json\/wp\/v2\/pages\/8\/revisions\/863"}],"wp:attachment":[{"href":"http:\/\/oceanologia.fcien.edu.uy\/index.php\/wp-json\/wp\/v2\/media?parent=8"}],"curies":[{"name":"wp","href":"https:\/\/api.w.org\/{rel}","templated":true}]}}